{"id":228,"date":"2020-01-22T23:20:01","date_gmt":"2020-01-22T14:20:01","guid":{"rendered":"https:\/\/mito-kendo.website\/?page_id=228"},"modified":"2025-12-23T14:15:44","modified_gmt":"2025-12-23T05:15:44","slug":"228-2","status":"publish","type":"page","link":"https:\/\/mito-kendo.website\/?page_id=228","title":{"rendered":"\u3010\u4e00\u7d1a\u5be9\u67fb\u4f1a\u53d7\u5be9\u7533\u8fbc\u307f\u30d5\u30a9\u30fc\u30e0\u3011"},"content":{"rendered":"\n<div class=\"wpcf7 no-js\" id=\"wpcf7-f3497-o1\" lang=\"ja\" dir=\"ltr\" data-wpcf7-id=\"3497\">\n<div class=\"screen-reader-response\"><p role=\"status\" aria-live=\"polite\" aria-atomic=\"true\"><\/p> <ul><\/ul><\/div>\n<script type=\"text\/javascript\" charset=\"UTF-8\" src=\"https:\/\/zipaddr.github.io\/zipaddrx.js?v=1.42\"><\/script><script defer src=\"data:text\/javascript;base64,ZnVuY3Rpb24gemlwYWRkcl9vd25iKCl7WlAuZGxpPSctJztaUC53cD0nMSc7WlAudXZlcj0nNjE4MzQuMzMxOTMuMzI2MTEnO1pQLnN5c2lkPSdDb250YWN0Rm9ybTcnO30=\"><\/script><script type=\"text\/javascript\" charset=\"UTF-8\" src=\"https:\/\/zipaddr.github.io\/contactform7.js\"><\/script><form action=\"\/index.php?rest_route=%2Fwp%2Fv2%2Fpages%2F228#wpcf7-f3497-o1\" method=\"post\" class=\"wpcf7-form init\" aria-label=\"\u30b3\u30f3\u30bf\u30af\u30c8\u30d5\u30a9\u30fc\u30e0\" enctype=\"multipart\/form-data\" novalidate=\"novalidate\" data-status=\"init\">\n<fieldset class=\"hidden-fields-container\"><input type=\"hidden\" name=\"_wpcf7\" value=\"3497\" \/><input type=\"hidden\" name=\"_wpcf7_version\" value=\"6.1.5\" \/><input type=\"hidden\" name=\"_wpcf7_locale\" value=\"ja\" \/><input type=\"hidden\" name=\"_wpcf7_unit_tag\" value=\"wpcf7-f3497-o1\" \/><input type=\"hidden\" name=\"_wpcf7_container_post\" value=\"0\" \/><input type=\"hidden\" name=\"_wpcf7_posted_data_hash\" value=\"\" \/><input type=\"hidden\" name=\"_wpcf7_recaptcha_response\" value=\"\" \/>\n<\/fieldset>\n<p>\u25a0 \u7533\u8fbc\u8cac\u4efb\u8005\u306e\u60c5\u5831\u3092\u5165\u529b\u3057\u3066\u304f\u3060\u3055\u3044\u3002\uff08\u3059\u3079\u3066\u5fc5\u9808\uff09\n<\/p>\n<p>\u203b\u5408\u683c\u8a3c\u66f8\u306e\u9001\u4ed8\u5148\u3068\u306a\u308a\u307e\u3059\u306e\u3067\uff0c\u6b63\u78ba\u306b\u5165\u529b\u3057\u3066\u304f\u3060\u3055\u3044\u3002\n<\/p>\n<p><label> \u304a\u540d\u524d\uff08\u7533\u8fbc\u8cac\u4efb\u8005\uff09<br \/>\n\u3000<span class=\"wpcf7-form-control-wrap\" data-name=\"your-name\"><input size=\"40\" maxlength=\"400\" class=\"wpcf7-form-control wpcf7-text wpcf7-validates-as-required\" aria-required=\"true\" aria-invalid=\"false\" placeholder=\"\u6c34\u6238 \u5263\u592a\" value=\"\" type=\"text\" name=\"your-name\" \/><\/span> <\/label><br \/>\n<label> \u6240\u3000\u5c5e<br \/>\n\u3000<span class=\"wpcf7-form-control-wrap\" data-name=\"your-belonging\"><input size=\"40\" maxlength=\"400\" class=\"wpcf7-form-control wpcf7-text wpcf7-validates-as-required\" aria-required=\"true\" aria-invalid=\"false\" placeholder=\"\u5b66\u6821\u540d\u307e\u305f\u306f\u56e3\u4f53\u540d\" value=\"\" type=\"text\" name=\"your-belonging\" \/><\/span> <\/label><br \/>\n<label> \u90f5\u4fbf\u756a\u53f7\uff08\u30cf\u30a4\u30d5\u30f3\u306a\u3057\u3067\u5165\u529b\uff09<br \/>\n\u3000<span class=\"wpcf7-form-control-wrap\" data-name=\"zip\"><input size=\"40\" maxlength=\"400\" class=\"wpcf7-form-control wpcf7-text wpcf7-validates-as-required\" id=\"zip\" aria-required=\"true\" aria-invalid=\"false\" placeholder=\"\u00d7\u00d7\u00d7\u00d7\u00d7\u00d7\u00d7\" value=\"\" type=\"text\" name=\"zip\" \/><\/span> <\/label><br \/>\n<label> \u4f4f\u6240\uff08\u90fd\u9053\u5e9c\u770c\uff09<br \/>\n\u3000<span class=\"wpcf7-form-control-wrap\" data-name=\"pref\"><input size=\"40\" maxlength=\"400\" class=\"wpcf7-form-control wpcf7-text wpcf7-validates-as-required\" id=\"pref\" aria-required=\"true\" aria-invalid=\"false\" placeholder=\"\uff08\u90f5\u4fbf\u756a\u53f7\u304b\u3089\u81ea\u52d5\u5165\u529b\uff09\" value=\"\" type=\"text\" name=\"pref\" \/><\/span><\/label><br \/>\n<label> \u4f4f\u6240\uff08\u5e02\u533a\u753a\u6751\u4ee5\u964d\u30fb\u82f1\u6570\u5b57\u3084\u8a18\u53f7\u306f\u534a\u89d2\u6587\u5b57\uff09<br \/>\n\u3000<span class=\"wpcf7-form-control-wrap\" data-name=\"city\"><input size=\"40\" maxlength=\"400\" class=\"wpcf7-form-control wpcf7-text wpcf7-validates-as-required\" id=\"city\" aria-required=\"true\" aria-invalid=\"false\" placeholder=\"\u00d7\u00d7\u5e02\u00d7\u00d7\u753a\u00d7-\u00d7-\u00d7\" value=\"\" type=\"text\" name=\"city\" \/><\/span><\/label><br \/>\n<label> \u7533\u8fbc\u8cac\u4efb\u8005\u306e\u643a\u5e2f\u96fb\u8a71\u756a\u53f7\uff08\u30cf\u30a4\u30d5\u30f3\u4e0d\u8981\u30fb\u534a\u89d2\u6570\u5b5711\u6841\uff09<br \/>\n\u3000<span class=\"wpcf7-form-control-wrap\" data-name=\"your-tel\"><input size=\"40\" maxlength=\"11\" minlength=\"11\" class=\"wpcf7-form-control wpcf7-tel wpcf7-validates-as-required wpcf7-text wpcf7-validates-as-tel\" aria-required=\"true\" aria-invalid=\"false\" placeholder=\"\u00d7\u00d7\u00d7\u00d7\u00d7\u00d7\u00d7\u00d7\u00d7\u00d7\u00d7 11\u6841\" value=\"\" type=\"tel\" name=\"your-tel\" \/><\/span><\/label>\n<\/p>\n<p>\u203b\u30cf\u30a4\u30d5\u30f3\uff08-\uff09\u3092\u5165\u308c\u305a\u306b11\u6841\u9023\u756a\u3067\u5165\u529b\u3057\u3066\u304f\u3060\u3055\u3044\u3002<br \/>\n\u203b\u7dca\u6025\u6642\u306e\u9023\u7d61\u306b\u4f7f\u7528\u3057\u307e\u3059\u3002\u5fc5\u305a\u643a\u5e2f\u96fb\u8a71\u30fb\u30b9\u30de\u30fc\u30c8\u30d5\u30a9\u30f3\u306e\u756a\u53f7\u3092\u5165\u529b\u3057\u3066\u304f\u3060\u3055\u3044\u3002<br \/>\n\u203b11\u6841\u4ee5\u5916\u306e\u81ea\u5b85\u3084\u5b66\u6821\u30fb\u4f1a\u793e\u306e\u56fa\u5b9a\u96fb\u8a71\u756a\u53f7\u306f\u53d7\u3051\u4ed8\u3051\u307e\u305b\u3093\u3002\n<\/p>\n<p><label> E-Mail\u30a2\u30c9\u30ec\u30b9\uff08\u3053\u306e\u30a2\u30c9\u30ec\u30b9\u5b9b\u306b\u78ba\u8a8d\u30e1\u30fc\u30eb\u3084\u91cd\u8981\u306a\u9023\u7d61\u304c\u9001\u4fe1\u3055\u308c\u307e\u3059\u3002\uff09<br \/>\n\u3000<span class=\"wpcf7-form-control-wrap\" data-name=\"your-email\"><input size=\"40\" maxlength=\"400\" class=\"wpcf7-form-control wpcf7-email wpcf7-validates-as-required wpcf7-text wpcf7-validates-as-email\" aria-required=\"true\" aria-invalid=\"false\" placeholder=\"abc@defg.com\" value=\"\" type=\"email\" name=\"your-email\" \/><\/span><\/label>\n<\/p>\n<p>\u203b\u6b21\u306e\u30e1\u30fc\u30eb\u30a2\u30c9\u30ec\u30b9\u306f\u53d7\u3051\u4ed8\u3051\u307e\u305b\u3093\u3002<br \/>\n\u30fb\u300c@docomo.ne.jp\uff0c@ezweb.ne.jp\uff0c@softbank.ne.jp\u300d\u306a\u3069\u306e\u30ad\u30e3\u30ea\u30a2\u30e1\u30fc\u30eb\u30a2\u30c9\u30ec\u30b9\uff08\u643a\u5e2f\u96fb\u8a71\u4f1a\u793e\u72ec\u81ea\u306e\u30e1\u30fc\u30eb\u30a2\u30c9\u30ec\u30b9\uff09<br \/>\n\u30fb\u5b66\u6821\u3084\u4f1a\u793e\u306e\u4ee3\u8868\u30e1\u30fc\u30eb\u30a2\u30c9\u30ec\u30b9<br \/>\n\u203b\u8328\u57ce\u6559\u80b2\u60c5\u5831\u30cd\u30c3\u30c8\u30ef\u30fc\u30af\u306e\u300c@xxx.ibk.ed.jp\u300d\uff0c\u5e02\u753a\u6751\u7acb\u5b66\u6821\u306e\u300c@sch.city.kasama.ibaraki.jp\u300d\u306a\u3069\u306e\u6559\u80b2\u6a5f\u95a2\u306e\u516c\u7528\u30e1\u30fc\u30eb\u30a2\u30c9\u30ec\u30b9\u306e\u5834\u5408\uff0c\u7533\u8fbc\u5f8c\u306b\u8fd4\u4fe1\u3055\u308c\u308b\u300c\u53d7\u5be9\u7533\u8fbc\u78ba\u8a8d\u30e1\u30fc\u30eb\u300d\u306e\u53d7\u4fe1\u304c\u62d2\u5426\u3055\u308c\u305f\u308a\uff0c\u8ff7\u60d1\u30e1\u30fc\u30eb\u3068\u5224\u5b9a\u3055\u308c\u5c4a\u304b\u306a\u3044\u5834\u5408\u304c\u3042\u308a\u307e\u3059\u3002\u78ba\u5b9f\u306a\u9023\u7d61\u306e\u305f\u3081\u306b\uff0c\u7533\u8fbc\u8cac\u4efb\u8005\u500b\u4eba\u306e\u79c1\u7528\uff08\u975e\u516c\u7528\uff09\u306e\u30e1\u30fc\u30eb\u30a2\u30c9\u30ec\u30b9\u3092\u5165\u529b\u3057\u3066\u304f\u3060\u3055\u3044\u3002\n<\/p>\n<p>\u25a0 \u53d7\u5be9\u7533\u8fbc\u4eba\u6570\u30fb\u53d7\u5be9\u6599\u30fb\u632f\u8fbc\u65b9\u6cd5\u306e\u60c5\u5831\u3092\u5165\u529b\u3057\u3066\u304f\u3060\u3055\u3044\u3002\uff08\u3059\u3079\u3066\u5fc5\u9808\uff09\n<\/p>\n<p>\u203b \u8a72\u5f53\u4eba\u6570\u304c0\u4eba\u306e\u5834\u5408\u306f\uff0c\u300c0\u300d\u3068\u5165\u529b\u3057\u3066\u304f\u3060\u3055\u3044\u3002\n<\/p>\n<p><label> \u4e00\u7d1a\uff08\u5b66\u751f\uff09\u7533\u8fbc\u4eba\u6570<br \/>\n\u3000<span class=\"wpcf7-form-control-wrap\" data-name=\"number-864\"><input class=\"wpcf7-form-control wpcf7-number wpcf7-validates-as-required wpcf7-validates-as-number\" min=\"0\" max=\"99\" aria-required=\"true\" aria-invalid=\"false\" value=\"\" type=\"number\" name=\"number-864\" \/><\/span>\u4eba<\/label><br \/>\n<label> \u4e00\u7d1a\uff08\u4e00\u822c\uff09\u7533\u8fbc\u4eba\u6570<br \/>\n\u3000<span class=\"wpcf7-form-control-wrap\" data-name=\"number-865\"><input class=\"wpcf7-form-control wpcf7-number wpcf7-validates-as-required wpcf7-validates-as-number\" min=\"0\" max=\"99\" aria-required=\"true\" aria-invalid=\"false\" value=\"\" type=\"number\" name=\"number-865\" \/><\/span>\u4eba<\/label><label> \u304a\u632f\u8fbc\u5408\u8a08\u91d1\u984d\uff08\u81ea\u52d5\u8a08\u7b97\u3067\u8868\u793a\u3055\u308c\u307e\u3059\uff09<br \/>\n\u3000<span class=\" wpcf7-form-control-wrap calculated-630\"><input data-number=\"0\" size=\"40\" class=\"wpcf7-form-control wpcf7-calculated wpcf7-total number-format ctf7-total\" data-m-dec=\"0\" data-p-sign=\"s\" readonly=\"readonly\" aria-invalid=\"false\" value=\"0\" type=\"text\" name=\"calculated-630\" data-formulas=\"number-864*5000+number-865*5500\" \/><\/span>\u5186<\/label>\n<\/p>\n<p><label> \u304a\u632f\u8fbc\u65b9\u6cd5\uff08\u30af\u30ea\u30c3\u30af\u3057\u3066\u9078\u629e\u3057\u3066\u304f\u3060\u3055\u3044\u3002\uff09<br \/>\n\u3000<span class=\"wpcf7-form-control-wrap\" data-name=\"menu-871\"><select class=\"wpcf7-form-control wpcf7-select wpcf7-validates-as-required\" aria-required=\"true\" aria-invalid=\"false\" name=\"menu-871\"><option value=\"\">&#8212;\u4ee5\u4e0b\u304b\u3089\u9078\u629e\u3057\u3066\u304f\u3060\u3055\u3044&#8212;<\/option><option value=\"\u7533\u8fbc\u8cac\u4efb\u8005\u304c\u53d6\u308a\u307e\u3068\u3081\u4e00\u62ec\u3057\u3066\u9001\u91d1\u3059\u308b\">\u7533\u8fbc\u8cac\u4efb\u8005\u304c\u53d6\u308a\u307e\u3068\u3081\u4e00\u62ec\u3057\u3066\u9001\u91d1\u3059\u308b<\/option><option value=\"\u53d7\u5be9\u8005\u672c\u4eba\u307e\u305f\u306f\u4fdd\u8b77\u8005\u304c\u305d\u308c\u305e\u308c\u500b\u5225\u306b\u9001\u91d1\u3059\u308b\">\u53d7\u5be9\u8005\u672c\u4eba\u307e\u305f\u306f\u4fdd\u8b77\u8005\u304c\u305d\u308c\u305e\u308c\u500b\u5225\u306b\u9001\u91d1\u3059\u308b<\/option><\/select><\/span><\/label>\n<\/p>\n<p>\u203b\u304a\u632f\u308a\u8fbc\u307f\u306e\u969b\u306b\u306f\uff0c\u300c\u53d7\u5be9\u7533\u8fbc\u78ba\u8a8d\u30e1\u30fc\u30eb\u300d\u306b\u8a18\u8f09\u306e\u300c\u6574\u7406\u756a\u53f7\u300d\u304c\u5fc5\u8981\u3067\u3059\u3002\n<\/p>\n<p>\u25a0 \u300c\u53c2\u7167\u300d\u30dc\u30bf\u30f3\u3092\u30af\u30ea\u30c3\u30af\u3057\u3066\uff0c\u53d7\u5be9\u8005\u540d\u7c3f\uff08Excel\u30d5\u30a1\u30a4\u30eb\uff09\u3092\u9078\u629e\u3057\u3066\u304f\u3060\u3055\u3044\u3002\uff08\u5fc5\u9808\uff09\n<\/p>\n<p><span class=\"wpcf7-form-control-wrap\" data-name=\"file-572\"><input size=\"40\" class=\"wpcf7-form-control wpcf7-file wpcf7-validates-as-required\" accept=\".xls,.xlsx\" aria-required=\"true\" aria-invalid=\"false\" type=\"file\" name=\"file-572\" \/><\/span>\n<\/p>\n<p>\u203b \u5fc5\u305a\u6c34\u6238\u5730\u533a\u5c02\u7528\u306e\u300c\u53d7\u5be9\u8005\u540d\u7c3f\uff08Excel\u30d5\u30a1\u30a4\u30eb\uff09\u300d\u3092\u9001\u4fe1\u3057\u3066\u304f\u3060\u3055\u3044\u3002\n<\/p>\n<p>\u25a0 \u6c0f\u540d\u306e\u7279\u6b8a\u306a\u6f22\u5b57\u7b49\uff08\u753b\u50cf\u30d5\u30a1\u30a4\u30eb\uff09\u304c\u3042\u308b\u5834\u5408\u306f\u9078\u629e\u3057\u3066\u304f\u3060\u3055\u3044\u3002\n<\/p>\n<p><span class=\"wpcf7-form-control-wrap\" data-name=\"file-162\"><input size=\"40\" class=\"wpcf7-form-control wpcf7-file\" accept=\".jpeg,.jpg,.bmp,.png\" aria-invalid=\"false\" type=\"file\" name=\"file-162\" \/><\/span>\n<\/p>\n<p>\u203b jpeg\uff0cjpg\uff0cbmp\uff0cpng\uff08\u753b\u50cf\uff0c\u5199\u771f\uff09\u30d5\u30a1\u30a4\u30eb\u304c\u9001\u4fe1\u53ef\u80fd\u3067\u3059\u3002<br \/>\n\u203b \u30d5\u30a1\u30a4\u30eb\u5bb9\u91cf\u306e\u4e0a\u9650\u306f25MB\u307e\u3067\u3067\u3059\u30021\u679a\u3057\u304b\u6dfb\u4ed8\u3067\u304d\u307e\u305b\u3093\u3002<br \/>\n\u203b \u8907\u6570\u3042\u308b\u5834\u5408\u306f\u4e26\u3079\u3066\u64ae\u5f71\u3057\u3066\u304f\u3060\u3055\u3044\u3002\n<\/p>\n<p>\u25a0 \u5099\u3000\u8003<br \/>\n<span class=\"wpcf7-form-control-wrap\" data-name=\"textarea-774\"><textarea cols=\"40\" rows=\"10\" maxlength=\"2000\" class=\"wpcf7-form-control wpcf7-textarea\" aria-invalid=\"false\" placeholder=\"\u7279\u306b\u4f1d\u9054\u3057\u3066\u304a\u304d\u305f\u3044\u3053\u3068\u304c\u3042\u308c\u3070\u5165\u529b\u3057\u3066\u304f\u3060\u3055\u3044\u3002\u6c0f\u540d\u306e\u7279\u6b8a\u306a\u6f22\u5b57\u306a\u3069\u304c\u3042\u308a\u307e\u3057\u305f\u3089\uff0c\u753b\u50cf\u30d5\u30a1\u30a4\u30eb\u3092\u8ffd\u52a0\u9001\u4fe1\u3057\u3066\u304f\u3060\u3055\u3044\u3002\" name=\"textarea-774\"><\/textarea><\/span>\n<\/p>\n<p>\u25a0 \u4ee5\u4e0a\u3092\u3054\u78ba\u8a8d\u306e\u4e0a\uff0c\u3053\u306e\u5185\u5bb9\u3067\u3088\u308d\u3057\u3051\u308c\u3070\uff0c\u4ee5\u4e0b\u306e\u25a1\u306b\u30c1\u30a7\u30c3\u30af\u3092\u5165\u308c\u3066\u304b\u3089\uff0c\u4e0b\u306e\u300c\u9001\u4fe1\u300d\u30dc\u30bf\u30f3\u3092\u30af\u30ea\u30c3\u30af\u3057\u3066\u304f\u3060\u3055\u3044\u3002\uff08\u5fc5\u9808\uff09\n<\/p>\n<p><span class=\"wpcf7-form-control-wrap\" data-name=\"checkbox-113\"><span class=\"wpcf7-form-control wpcf7-checkbox wpcf7-validates-as-required\"><span class=\"wpcf7-list-item first last\"><input type=\"checkbox\" name=\"checkbox-113[]\" value=\"\u4e0a\u8a18\u5185\u5bb9\u3092\u5168\u3066\u78ba\u8a8d\u3057\u305f\u4e0a\u3067\u9001\u4fe1\u3057\u307e\u3059\uff08\u5185\u5bb9\u306fSSL\u63a5\u7d9a\u3067\u6697\u53f7\u5316\u3055\u308c\u9001\u4fe1\u3055\u308c\u307e\u3059\uff09\u3002\" \/><span class=\"wpcf7-list-item-label\">\u4e0a\u8a18\u5185\u5bb9\u3092\u5168\u3066\u78ba\u8a8d\u3057\u305f\u4e0a\u3067\u9001\u4fe1\u3057\u307e\u3059\uff08\u5185\u5bb9\u306fSSL\u63a5\u7d9a\u3067\u6697\u53f7\u5316\u3055\u308c\u9001\u4fe1\u3055\u308c\u307e\u3059\uff09\u3002<\/span><\/span><\/span><\/span>\n<\/p>\n<p><input class=\"wpcf7-form-control wpcf7-submit has-spinner\" type=\"submit\" value=\"\u9001\u4fe1\" \/>\n<\/p><div class=\"wpcf7-response-output\" aria-hidden=\"true\"><\/div>\n<\/form>\n<\/div>\n\n","protected":false},"excerpt":{"rendered":"","protected":false},"author":1,"featured_media":0,"parent":0,"menu_order":0,"comment_status":"closed","ping_status":"closed","template":"","meta":{"footnotes":""},"class_list":["post-228","page","type-page","status-publish","hentry"],"_links":{"self":[{"href":"https:\/\/mito-kendo.website\/index.php?rest_route=\/wp\/v2\/pages\/228","targetHints":{"allow":["GET"]}}],"collection":[{"href":"https:\/\/mito-kendo.website\/index.php?rest_route=\/wp\/v2\/pages"}],"about":[{"href":"https:\/\/mito-kendo.website\/index.php?rest_route=\/wp\/v2\/types\/page"}],"author":[{"embeddable":true,"href":"https:\/\/mito-kendo.website\/index.php?rest_route=\/wp\/v2\/users\/1"}],"replies":[{"embeddable":true,"href":"https:\/\/mito-kendo.website\/index.php?rest_route=%2Fwp%2Fv2%2Fcomments&post=228"}],"version-history":[{"count":10,"href":"https:\/\/mito-kendo.website\/index.php?rest_route=\/wp\/v2\/pages\/228\/revisions"}],"predecessor-version":[{"id":4063,"href":"https:\/\/mito-kendo.website\/index.php?rest_route=\/wp\/v2\/pages\/228\/revisions\/4063"}],"wp:attachment":[{"href":"https:\/\/mito-kendo.website\/index.php?rest_route=%2Fwp%2Fv2%2Fmedia&parent=228"}],"curies":[{"name":"wp","href":"https:\/\/api.w.org\/{rel}","templated":true}]}}